{"id":1012,"date":"2020-08-11T16:36:08","date_gmt":"2020-08-11T20:36:08","guid":{"rendered":"https:\/\/wp103328.wpdns.ca\/accueil\/"},"modified":"2023-04-13T11:24:43","modified_gmt":"2023-04-13T15:24:43","slug":"accueil","status":"publish","type":"page","link":"http:\/\/lesecretdesobjets.com\/en\/","title":{"rendered":"Home"},"content":{"rendered":"","protected":false},"excerpt":{"rendered":"","protected":false},"author":1,"featured_media":0,"parent":0,"menu_order":0,"comment_status":"closed","ping_status":"closed","template":"_templates\/template-accueil.php","meta":[],"yoast_head":"<!-- This site is optimized with the Yoast SEO plugin v19.2 - https:\/\/yoast.com\/wordpress\/plugins\/seo\/ -->\n<title>The secret life of objects<\/title>\n<meta name=\"description\" content=\"The secret life of objects, a 360 immersive experience in the heart of the reserve of the Mus\u00e9e des m\u00e9tiers d&#039;arts du Qu\u00e9bec. Explore its objects from all angles.\" \/>\n<meta name=\"robots\" content=\"index, follow, max-snippet:-1, max-image-preview:large, max-video-preview:-1\" \/>\n<link rel=\"canonical\" href=\"http:\/\/lesecretdesobjets.com\/en\/\" \/>\n<meta property=\"og:locale\" content=\"en_US\" \/>\n<meta property=\"og:type\" content=\"article\" \/>\n<meta property=\"og:title\" content=\"The secret life of objects\" \/>\n<meta property=\"og:description\" content=\"The secret life of objects, a 360 immersive experience in the heart of the reserve of the Mus\u00e9e des m\u00e9tiers d&#039;arts du Qu\u00e9bec. Explore its objects from all angles.\" \/>\n<meta property=\"og:url\" content=\"http:\/\/lesecretdesobjets.com\/en\/\" \/>\n<meta property=\"og:site_name\" content=\"La vie secr\u00e8te des objets\" \/>\n<meta property=\"article:modified_time\" content=\"2023-04-13T15:24:43+00:00\" \/>\n<meta name=\"author\" content=\"superadmin\" \/>\n<meta name=\"twitter:card\" content=\"summary_large_image\" \/>\n<script type=\"application\/ld+json\" class=\"yoast-schema-graph\">{\"@context\":\"https:\/\/schema.org\",\"@graph\":[{\"@type\":\"WebSite\",\"@id\":\"http:\/\/lesecretdesobjets.com\/#website\",\"url\":\"http:\/\/lesecretdesobjets.com\/\",\"name\":\"La vie secr\u00e8te des objets\",\"description\":\"\",\"potentialAction\":[{\"@type\":\"SearchAction\",\"target\":{\"@type\":\"EntryPoint\",\"urlTemplate\":\"http:\/\/lesecretdesobjets.com\/?s={search_term_string}\"},\"query-input\":\"required name=search_term_string\"}],\"inLanguage\":\"en-US\"},{\"@type\":\"WebPage\",\"@id\":\"http:\/\/lesecretdesobjets.com\/en\/#webpage\",\"url\":\"http:\/\/lesecretdesobjets.com\/en\/\",\"name\":\"The secret life of objects\",\"isPartOf\":{\"@id\":\"http:\/\/lesecretdesobjets.com\/#website\"},\"datePublished\":\"2020-08-11T20:36:08+00:00\",\"dateModified\":\"2023-04-13T15:24:43+00:00\",\"description\":\"The secret life of objects, a 360 immersive experience in the heart of the reserve of the Mus\u00e9e des m\u00e9tiers d'arts du Qu\u00e9bec. Explore its objects from all angles.\",\"breadcrumb\":{\"@id\":\"http:\/\/lesecretdesobjets.com\/en\/#breadcrumb\"},\"inLanguage\":\"en-US\",\"potentialAction\":[{\"@type\":\"ReadAction\",\"target\":[\"http:\/\/lesecretdesobjets.com\/en\/\"]}]},{\"@type\":\"BreadcrumbList\",\"@id\":\"http:\/\/lesecretdesobjets.com\/en\/#breadcrumb\",\"itemListElement\":[{\"@type\":\"ListItem\",\"position\":1,\"name\":\"Home\",\"item\":\"http:\/\/lesecretdesobjets.com\/en\/\"},{\"@type\":\"ListItem\",\"position\":2,\"name\":\"Home\"}]}]}<\/script>\n<!-- \/ Yoast SEO plugin. -->","yoast_head_json":{"title":"The secret life of objects","description":"The secret life of objects, a 360 immersive experience in the heart of the reserve of the Mus\u00e9e des m\u00e9tiers d'arts du Qu\u00e9bec. Explore its objects from all angles.","robots":{"index":"index","follow":"follow","max-snippet":"max-snippet:-1","max-image-preview":"max-image-preview:large","max-video-preview":"max-video-preview:-1"},"canonical":"http:\/\/lesecretdesobjets.com\/en\/","og_locale":"en_US","og_type":"article","og_title":"The secret life of objects","og_description":"The secret life of objects, a 360 immersive experience in the heart of the reserve of the Mus\u00e9e des m\u00e9tiers d'arts du Qu\u00e9bec. Explore its objects from all angles.","og_url":"http:\/\/lesecretdesobjets.com\/en\/","og_site_name":"La vie secr\u00e8te des objets","article_modified_time":"2023-04-13T15:24:43+00:00","author":"superadmin","twitter_card":"summary_large_image","schema":{"@context":"https:\/\/schema.org","@graph":[{"@type":"WebSite","@id":"http:\/\/lesecretdesobjets.com\/#website","url":"http:\/\/lesecretdesobjets.com\/","name":"La vie secr\u00e8te des objets","description":"","potentialAction":[{"@type":"SearchAction","target":{"@type":"EntryPoint","urlTemplate":"http:\/\/lesecretdesobjets.com\/?s={search_term_string}"},"query-input":"required name=search_term_string"}],"inLanguage":"en-US"},{"@type":"WebPage","@id":"http:\/\/lesecretdesobjets.com\/en\/#webpage","url":"http:\/\/lesecretdesobjets.com\/en\/","name":"The secret life of objects","isPartOf":{"@id":"http:\/\/lesecretdesobjets.com\/#website"},"datePublished":"2020-08-11T20:36:08+00:00","dateModified":"2023-04-13T15:24:43+00:00","description":"The secret life of objects, a 360 immersive experience in the heart of the reserve of the Mus\u00e9e des m\u00e9tiers d'arts du Qu\u00e9bec. Explore its objects from all angles.","breadcrumb":{"@id":"http:\/\/lesecretdesobjets.com\/en\/#breadcrumb"},"inLanguage":"en-US","potentialAction":[{"@type":"ReadAction","target":["http:\/\/lesecretdesobjets.com\/en\/"]}]},{"@type":"BreadcrumbList","@id":"http:\/\/lesecretdesobjets.com\/en\/#breadcrumb","itemListElement":[{"@type":"ListItem","position":1,"name":"Home","item":"http:\/\/lesecretdesobjets.com\/en\/"},{"@type":"ListItem","position":2,"name":"Home"}]}]}},"_links":{"self":[{"href":"http:\/\/lesecretdesobjets.com\/en\/wp-json\/wp\/v2\/pages\/1012"}],"collection":[{"href":"http:\/\/lesecretdesobjets.com\/en\/wp-json\/wp\/v2\/pages"}],"about":[{"href":"http:\/\/lesecretdesobjets.com\/en\/wp-json\/wp\/v2\/types\/page"}],"author":[{"embeddable":true,"href":"http:\/\/lesecretdesobjets.com\/en\/wp-json\/wp\/v2\/users\/1"}],"replies":[{"embeddable":true,"href":"http:\/\/lesecretdesobjets.com\/en\/wp-json\/wp\/v2\/comments?post=1012"}],"version-history":[{"count":1,"href":"http:\/\/lesecretdesobjets.com\/en\/wp-json\/wp\/v2\/pages\/1012\/revisions"}],"predecessor-version":[{"id":1013,"href":"http:\/\/lesecretdesobjets.com\/en\/wp-json\/wp\/v2\/pages\/1012\/revisions\/1013"}],"wp:attachment":[{"href":"http:\/\/lesecretdesobjets.com\/en\/wp-json\/wp\/v2\/media?parent=1012"}],"curies":[{"name":"wp","href":"https:\/\/api.w.org\/{rel}","templated":true}]}}